{"id":1052,"date":"2018-05-15T09:00:16","date_gmt":"2018-05-15T08:00:16","guid":{"rendered":"https:\/\/www.administratiekantoor-hoogkamer.nl\/?page_id=1052"},"modified":"2018-05-15T09:00:16","modified_gmt":"2018-05-15T08:00:16","slug":"oswiadczenie-o-ochronie-prywatnosci","status":"publish","type":"page","link":"https:\/\/www.administratiekantoor-hoogkamer.nl\/pl\/privacy-verklaring\/","title":{"rendered":"O\u015bwiadczenie o ochronie prywatno\u015bci"},"content":{"rendered":"<p><strong>O\u015bwiadczenie o ochronie prywatno\u015bci Hoogkamer Administration Office<\/strong><\/p>\n<p>Niniejsze o\u015bwiadczenie o ochronie prywatno\u015bci okre\u015bla, jakie dane osobowe gromadzimy i przetwarzamy. Uwa\u017camy, \u017ce wa\u017cne jest, aby Twoje dane by\u0142y przetwarzane z nale\u017cyt\u0105 staranno\u015bci\u0105 i zapewniamy, \u017ce dane osobowe, kt\u00f3re nam przekazujesz, s\u0105 traktowane jako poufne. W skr\u00f3cie, niniejsze o\u015bwiadczenie o ochronie prywatno\u015bci stanowi, \u017ce b\u0119dziemy przetwarza\u0107 dane osobowe u\u017cytkownik\u00f3w:<br \/>\n- wykorzystywa\u0107 wy\u0142\u0105cznie do cel\u00f3w uzgodnionych z u\u017cytkownikiem;<br \/>\n- nie b\u0119d\u0105 udost\u0119pniane innym podmiotom, chyba \u017ce b\u0119dzie to konieczne do \u015bwiadczenia naszych us\u0142ug lub prowadzenia naszej dzia\u0142alno\u015bci (patrz nag\u0142\u00f3wek \"Podmioty trzecie\");<br \/>\n- ostro\u017cne bezpiecze\u0144stwo<\/p>\n<p>Je\u015bli masz pytania, na kt\u00f3re nie ma odpowiedzi w niniejszym o\u015bwiadczeniu o ochronie prywatno\u015bci, je\u015bli masz sugestie lub komentarze dotycz\u0105ce jego tre\u015bci lub je\u015bli masz skargi dotycz\u0105ce sposobu, w jaki post\u0119pujemy z Twoimi danymi osobowymi, chcieliby\u015bmy si\u0119 z Tob\u0105 skontaktowa\u0107.<\/p>\n<p>Skontaktuj si\u0119 z nami za po\u015brednictwem <a href=\"https:\/\/www.administratiekantoor-hoogkamer.nl\/pl\/kontakt\/\" rel=\"noopener\" target=\"_blank\">link<\/a><\/p>\n<p>Korzystanie z naszych us\u0142ug<br \/>\nPodczas korzystania z naszych us\u0142ug prosimy o podanie danych osobowych. Dane te s\u0105 niezb\u0119dne do \u015bwiadczenia us\u0142ugi i s\u0105 starannie przechowywane przez Administratiekantoor Hoogkamer zgodnie z ustawowym obowi\u0105zkiem przechowywania. <\/p>\n<p><strong>Cele<\/strong><br \/>\nNie gromadzimy ani nie wykorzystujemy danych osobowych u\u017cytkownika do cel\u00f3w innych ni\u017c opisane w niniejszej informacji o ochronie prywatno\u015bci, chyba \u017ce uzyskamy uprzedni\u0105 zgod\u0119 u\u017cytkownika. <\/p>\n<p><strong>Komunikacja<\/strong><br \/>\nGdy u\u017cytkownik wysy\u0142a do nas poczt\u0119 lub inne wiadomo\u015bci, s\u0105 one umieszczane w naszym archiwum poczty i przechowywane zgodnie z prawnym obowi\u0105zkiem przechowywania. Czasami prosimy o podanie danych osobowych zwi\u0105zanych z dan\u0105 sytuacj\u0105. Umo\u017cliwia nam to przetwarzanie pyta\u0144 i odpowiadanie na pro\u015bby. <\/p>\n<p><strong>Strony trzecie<\/strong><br \/>\nJe\u015bli korzystamy z us\u0142ug lub wynik\u00f3w stron trzecich, udzielimy tym stronom trzecim dost\u0119pu do danych u\u017cytkownika wy\u0142\u0105cznie po uzyskaniu jego pisemnej zgody. Administratiekantoor Hoogkamer nie sprzedaje danych osobowych stronom trzecim. <\/p>\n<p><strong>Bezpiecze\u0144stwo<\/strong><br \/>\nAdministratiekantoor Hoogkamer podj\u0105\u0142 odpowiednie \u015brodki techniczne i organizacyjne w celu ochrony danych osobowych dostarczonych przez u\u017cytkownika przed bezprawnym wykorzystaniem. Dane u\u017cytkownika s\u0105 przesy\u0142ane przez Internet za po\u015brednictwem bezpiecznych po\u0142\u0105cze\u0144 i przechowywane w bezpiecznych centrach danych i na bezpiecznych serwerach. Dane osobowe s\u0105 chronione przed wyszukiwarkami.<br \/>\nNasi pracownicy s\u0105 prawnie zobowi\u0105zani do przestrzegania poufno\u015bci danych u\u017cytkownika. Obowi\u0105zek ten nak\u0142adamy r\u00f3wnie\u017c umownie na osoby trzecie zaanga\u017cowane przez nas do \u015bwiadczenia naszych us\u0142ug i wykonywania naszych dzia\u0142a\u0144. Je\u015bli zaanga\u017cujemy strony trzecie w Twoim przypadku, zostanie to zrobione w porozumieniu z Tob\u0105. <\/p>\n<p><strong>Strona internetowa<\/strong><br \/>\nPodczas odwiedzania naszej strony internetowej \u017cadne informacje nie s\u0105 gromadzone i przetwarzane przez Administratiekantoor Hoogkamer.  W przypadku wype\u0142nienia formularza kontaktowego na naszej stronie internetowej, dane te trafiaj\u0105 do naszego archiwum pocztowego. Dane te s\u0105 przechowywane w naszym archiwum pocztowym i przechowywane zgodnie z ustawowym obowi\u0105zkiem przechowywania. Dane te przechowujemy jednak tak d\u0142ugo, jak jest to konieczne do udzielenia pe\u0142nej odpowiedzi i\/lub przetworzenia zapytania.<br \/>\nNie ponosimy jednak odpowiedzialno\u015bci za praktyki dotycz\u0105ce prywatno\u015bci innych witryn i zasob\u00f3w wymienionych na naszych stronach internetowych.<br \/>\nNasza witryna wykorzystuje funkcjonalne pliki cookie, kt\u00f3re s\u0105 niezb\u0119dne do prawid\u0142owego dzia\u0142ania witryny. <\/p>\n<p><strong>Kontrola i modyfikacja danych osobowych<\/strong><br \/>\nU\u017cytkownik ma prawo zapyta\u0107 nas, jakie jego dane osobowe s\u0105 przechowywane w naszych bazach danych. Je\u015bli uwa\u017casz, \u017ce te dane osobowe nie s\u0105 (ju\u017c) poprawne lub kompletne, mo\u017cesz poprosi\u0107 nas o uzupe\u0142nienie, poprawienie lub usuni\u0119cie Twoich danych osobowych. Wnioski o korekt\u0119 zostan\u0105 rozpatrzone tak szybko, jak to mo\u017cliwe. Nawiasem m\u00f3wi\u0105c, zgodnie z ustaw\u0105 o ochronie danych osobowych obowi\u0105zuje maksymalny termin czterech tygodni. <\/p>\n<p><strong>Zmiany<\/strong><br \/>\nNiniejsze o\u015bwiadczenie o ochronie prywatno\u015bci jest dostosowane do korzystania z tej witryny i jej funkcji oraz sposobu przetwarzania przez nas danych u\u017cytkownika. Wszelkie dostosowania i\/lub zmiany na tej stronie lub w naszych praktykach mog\u0105 skutkowa\u0107 zmianami w niniejszym o\u015bwiadczeniu o ochronie prywatno\u015bci. Dlatego zaleca si\u0119 regularne zapoznawanie si\u0119 z niniejszym o\u015bwiadczeniem o ochronie prywatno\u015bci. <\/p>\n<p><strong>Wyj\u0105tki<\/strong><br \/>\nZ zastrze\u017ceniem wyj\u0105tk\u00f3w wymienionych powy\u017cej, Administratiekantoor Hoogkamer udost\u0119pni dane osobowe stronom trzecim tylko wtedy, gdy jest to wymagane przez prawo. <\/p>\n<p><strong>Dane kontaktowe<\/strong><br \/>\nOsob\u0105 odpowiedzialn\u0105 za niniejsze o\u015bwiadczenie o ochronie prywatno\u015bci jest:<br \/>\nFirma ksi\u0119gowa Hoogkamer<br \/>\nDroga produkcyjna 9<br \/>\n2404 CC Alphen aan den Rijn<br \/>\nT: 0172 240 270<br \/>\nM: 06 1441 0206<br \/>\nIzba Handlowa: 52584836<\/p>\n<p>Pytania dotycz\u0105ce polityki prywatno\u015bci mo\u017cna przesy\u0142a\u0107 poczt\u0105 tradycyjn\u0105 lub elektroniczn\u0105 na adres <a href=\"mailto:info@administratiekantoor-hoogkamer.nl\">info@administratiekantoor-hoogkamer.nl<\/a><\/p>\n<p><strong>Organ ds. danych osobowych<\/strong><br \/>\nOczywi\u015bcie ch\u0119tnie pomo\u017cemy w przypadku jakichkolwiek skarg dotycz\u0105cych przetwarzania danych osobowych. Je\u015bli mimo to nadal nie mo\u017cesz doj\u015b\u0107 z nami do porozumienia, zgodnie z przepisami dotycz\u0105cymi prywatno\u015bci masz r\u00f3wnie\u017c prawo z\u0142o\u017cy\u0107 skarg\u0119 do organu regulacyjnego ds. prywatno\u015bci, Urz\u0119du Danych Osobowych. Mo\u017cna si\u0119 z nim skontaktowa\u0107 za po\u015brednictwem danych kontaktowych podanych na jego stronie internetowej: <a href=\"https:\/\/autoriteitpersoonsgegevens.nl\/\" rel=\"noopener\" target=\"_blank\">https:\/\/autoriteitpersoonsgegevens.nl\/<\/a><\/p>\n<p><em>Niniejsze o\u015bwiadczenie o ochronie prywatno\u015bci zosta\u0142o ostatnio zaktualizowane w dniu 1 maja 2018 r. <\/em><\/p>","protected":false},"excerpt":{"rendered":"<p>Privacyverklaring Administratiekantoor Hoogkamer In deze privacyverklaring staat welke persoonsgegevens we verzamelen en verwerken. Wij vinden het belangrijk dat er zorgvuldig met uw gegevens wordt omgegaan en zorgen ervoor dat de persoonlijke informatie die u ons verstrekt vertrouwelijk wordt behandeld. In het kort komt deze privacyverklaring er op neer dat we [&#8230;]<\/p>\n","protected":false},"author":1,"featured_media":0,"parent":0,"menu_order":0,"comment_status":"closed","ping_status":"closed","template":"","meta":{"_monsterinsights_skip_tracking":false,"_monsterinsights_sitenote_active":false,"_monsterinsights_sitenote_note":"","_monsterinsights_sitenote_category":0,"footnotes":""},"class_list":["post-1052","page","type-page","status-publish","hentry"],"yoast_head":"<!-- This site is optimized with the Yoast SEO plugin v27.4 - https:\/\/yoast.com\/product\/yoast-seo-wordpress\/ -->\n<title>Privacy Verklaring - Administratiekantoor Hoogkamer | Alphen aan den Rijn<\/title>\n<meta name=\"robots\" content=\"index, follow, max-snippet:-1, max-image-preview:large, max-video-preview:-1\" \/>\n<link rel=\"canonical\" href=\"https:\/\/www.administratiekantoor-hoogkamer.nl\/pl\/oswiadczenie-o-ochronie-prywatnosci\/\" \/>\n<meta property=\"og:locale\" content=\"pl_PL\" \/>\n<meta property=\"og:type\" content=\"article\" \/>\n<meta property=\"og:title\" content=\"Privacy Verklaring - Administratiekantoor Hoogkamer | Alphen aan den Rijn\" \/>\n<meta property=\"og:description\" content=\"Privacyverklaring Administratiekantoor Hoogkamer In deze privacyverklaring staat welke persoonsgegevens we verzamelen en verwerken. Wij vinden het belangrijk dat er zorgvuldig met uw gegevens wordt omgegaan en zorgen ervoor dat de persoonlijke informatie die u ons verstrekt vertrouwelijk wordt behandeld. In het kort komt deze privacyverklaring er op neer dat we [...]\" \/>\n<meta property=\"og:url\" content=\"https:\/\/www.administratiekantoor-hoogkamer.nl\/pl\/oswiadczenie-o-ochronie-prywatnosci\/\" \/>\n<meta property=\"og:site_name\" content=\"Administratiekantoor Hoogkamer | Alphen aan den Rijn\" \/>\n<meta property=\"og:image\" content=\"https:\/\/www.administratiekantoor-hoogkamer.nl\/wp-content\/uploads\/2014\/12\/Logo-Administratiekantoor-Hoogkamer-website-e1686923143585.png\" \/>\n\t<meta property=\"og:image:width\" content=\"200\" \/>\n\t<meta property=\"og:image:height\" content=\"57\" \/>\n\t<meta property=\"og:image:type\" content=\"image\/png\" \/>\n<script type=\"application\/ld+json\" class=\"yoast-schema-graph\">{\"@context\":\"https:\\\/\\\/schema.org\",\"@graph\":[{\"@type\":\"WebPage\",\"@id\":\"https:\\\/\\\/www.administratiekantoor-hoogkamer.nl\\\/privacy-verklaring\\\/\",\"url\":\"https:\\\/\\\/www.administratiekantoor-hoogkamer.nl\\\/privacy-verklaring\\\/\",\"name\":\"Privacy Verklaring - Administratiekantoor Hoogkamer | Alphen aan den Rijn\",\"isPartOf\":{\"@id\":\"https:\\\/\\\/www.administratiekantoor-hoogkamer.nl\\\/#website\"},\"datePublished\":\"2018-05-15T08:00:16+00:00\",\"breadcrumb\":{\"@id\":\"https:\\\/\\\/www.administratiekantoor-hoogkamer.nl\\\/privacy-verklaring\\\/#breadcrumb\"},\"inLanguage\":\"pl-PL\",\"potentialAction\":[{\"@type\":\"ReadAction\",\"target\":[\"https:\\\/\\\/www.administratiekantoor-hoogkamer.nl\\\/privacy-verklaring\\\/\"]}]},{\"@type\":\"BreadcrumbList\",\"@id\":\"https:\\\/\\\/www.administratiekantoor-hoogkamer.nl\\\/privacy-verklaring\\\/#breadcrumb\",\"itemListElement\":[{\"@type\":\"ListItem\",\"position\":1,\"name\":\"Home\",\"item\":\"https:\\\/\\\/www.administratiekantoor-hoogkamer.nl\\\/\"},{\"@type\":\"ListItem\",\"position\":2,\"name\":\"Privacy Verklaring\"}]},{\"@type\":\"WebSite\",\"@id\":\"https:\\\/\\\/www.administratiekantoor-hoogkamer.nl\\\/#website\",\"url\":\"https:\\\/\\\/www.administratiekantoor-hoogkamer.nl\\\/\",\"name\":\"Administratiekantoor Hoogkamer | Alphen aan den Rijn\",\"description\":\"Een heldere kijk op uw cijfers\",\"publisher\":{\"@id\":\"https:\\\/\\\/www.administratiekantoor-hoogkamer.nl\\\/#organization\"},\"potentialAction\":[{\"@type\":\"SearchAction\",\"target\":{\"@type\":\"EntryPoint\",\"urlTemplate\":\"https:\\\/\\\/www.administratiekantoor-hoogkamer.nl\\\/?s={search_term_string}\"},\"query-input\":{\"@type\":\"PropertyValueSpecification\",\"valueRequired\":true,\"valueName\":\"search_term_string\"}}],\"inLanguage\":\"pl-PL\"},{\"@type\":\"Organization\",\"@id\":\"https:\\\/\\\/www.administratiekantoor-hoogkamer.nl\\\/#organization\",\"name\":\"Administratiekantoor Hoogkamer\",\"url\":\"https:\\\/\\\/www.administratiekantoor-hoogkamer.nl\\\/\",\"logo\":{\"@type\":\"ImageObject\",\"inLanguage\":\"pl-PL\",\"@id\":\"https:\\\/\\\/www.administratiekantoor-hoogkamer.nl\\\/#\\\/schema\\\/logo\\\/image\\\/\",\"url\":\"https:\\\/\\\/www.administratiekantoor-hoogkamer.nl\\\/wp-content\\\/uploads\\\/2014\\\/12\\\/Logo-Administratiekantoor-Hoogkamer-website-e1686923143585.png\",\"contentUrl\":\"https:\\\/\\\/www.administratiekantoor-hoogkamer.nl\\\/wp-content\\\/uploads\\\/2014\\\/12\\\/Logo-Administratiekantoor-Hoogkamer-website-e1686923143585.png\",\"width\":200,\"height\":57,\"caption\":\"Administratiekantoor Hoogkamer\"},\"image\":{\"@id\":\"https:\\\/\\\/www.administratiekantoor-hoogkamer.nl\\\/#\\\/schema\\\/logo\\\/image\\\/\"}}]}<\/script>\n<!-- \/ Yoast SEO plugin. -->","yoast_head_json":{"title":"O\u015bwiadczenie o ochronie prywatno\u015bci - Administratiekantoor Hoogkamer | Alphen aan den Rijn","robots":{"index":"index","follow":"follow","max-snippet":"max-snippet:-1","max-image-preview":"max-image-preview:large","max-video-preview":"max-video-preview:-1"},"canonical":"https:\/\/www.administratiekantoor-hoogkamer.nl\/pl\/oswiadczenie-o-ochronie-prywatnosci\/","og_locale":"pl_PL","og_type":"article","og_title":"Privacy Verklaring - Administratiekantoor Hoogkamer | Alphen aan den Rijn","og_description":"Privacyverklaring Administratiekantoor Hoogkamer In deze privacyverklaring staat welke persoonsgegevens we verzamelen en verwerken. Wij vinden het belangrijk dat er zorgvuldig met uw gegevens wordt omgegaan en zorgen ervoor dat de persoonlijke informatie die u ons verstrekt vertrouwelijk wordt behandeld. In het kort komt deze privacyverklaring er op neer dat we [...]","og_url":"https:\/\/www.administratiekantoor-hoogkamer.nl\/pl\/oswiadczenie-o-ochronie-prywatnosci\/","og_site_name":"Administratiekantoor Hoogkamer | Alphen aan den Rijn","og_image":[{"width":200,"height":57,"url":"https:\/\/www.administratiekantoor-hoogkamer.nl\/wp-content\/uploads\/2014\/12\/Logo-Administratiekantoor-Hoogkamer-website-e1686923143585.png","type":"image\/png"}],"schema":{"@context":"https:\/\/schema.org","@graph":[{"@type":"WebPage","@id":"https:\/\/www.administratiekantoor-hoogkamer.nl\/privacy-verklaring\/","url":"https:\/\/www.administratiekantoor-hoogkamer.nl\/privacy-verklaring\/","name":"O\u015bwiadczenie o ochronie prywatno\u015bci - Administratiekantoor Hoogkamer | Alphen aan den Rijn","isPartOf":{"@id":"https:\/\/www.administratiekantoor-hoogkamer.nl\/#website"},"datePublished":"2018-05-15T08:00:16+00:00","breadcrumb":{"@id":"https:\/\/www.administratiekantoor-hoogkamer.nl\/privacy-verklaring\/#breadcrumb"},"inLanguage":"pl-PL","potentialAction":[{"@type":"ReadAction","target":["https:\/\/www.administratiekantoor-hoogkamer.nl\/privacy-verklaring\/"]}]},{"@type":"BreadcrumbList","@id":"https:\/\/www.administratiekantoor-hoogkamer.nl\/privacy-verklaring\/#breadcrumb","itemListElement":[{"@type":"ListItem","position":1,"name":"Home","item":"https:\/\/www.administratiekantoor-hoogkamer.nl\/"},{"@type":"ListItem","position":2,"name":"Privacy Verklaring"}]},{"@type":"WebSite","@id":"https:\/\/www.administratiekantoor-hoogkamer.nl\/#website","url":"https:\/\/www.administratiekantoor-hoogkamer.nl\/","name":"Biuro administracyjne Hoogkamer | Alphen aan den Rijn","description":"Przejrzysty wgl\u0105d w dane liczbowe","publisher":{"@id":"https:\/\/www.administratiekantoor-hoogkamer.nl\/#organization"},"potentialAction":[{"@type":"SearchAction","target":{"@type":"EntryPoint","urlTemplate":"https:\/\/www.administratiekantoor-hoogkamer.nl\/?s={search_term_string}"},"query-input":{"@type":"PropertyValueSpecification","valueRequired":true,"valueName":"search_term_string"}}],"inLanguage":"pl-PL"},{"@type":"Organization","@id":"https:\/\/www.administratiekantoor-hoogkamer.nl\/#organization","name":"Firma ksi\u0119gowa Hoogkamer","url":"https:\/\/www.administratiekantoor-hoogkamer.nl\/","logo":{"@type":"ImageObject","inLanguage":"pl-PL","@id":"https:\/\/www.administratiekantoor-hoogkamer.nl\/#\/schema\/logo\/image\/","url":"https:\/\/www.administratiekantoor-hoogkamer.nl\/wp-content\/uploads\/2014\/12\/Logo-Administratiekantoor-Hoogkamer-website-e1686923143585.png","contentUrl":"https:\/\/www.administratiekantoor-hoogkamer.nl\/wp-content\/uploads\/2014\/12\/Logo-Administratiekantoor-Hoogkamer-website-e1686923143585.png","width":200,"height":57,"caption":"Administratiekantoor Hoogkamer"},"image":{"@id":"https:\/\/www.administratiekantoor-hoogkamer.nl\/#\/schema\/logo\/image\/"}}]}},"_links":{"self":[{"href":"https:\/\/www.administratiekantoor-hoogkamer.nl\/pl\/wp-json\/wp\/v2\/pages\/1052","targetHints":{"allow":["GET"]}}],"collection":[{"href":"https:\/\/www.administratiekantoor-hoogkamer.nl\/pl\/wp-json\/wp\/v2\/pages"}],"about":[{"href":"https:\/\/www.administratiekantoor-hoogkamer.nl\/pl\/wp-json\/wp\/v2\/types\/page"}],"author":[{"embeddable":true,"href":"https:\/\/www.administratiekantoor-hoogkamer.nl\/pl\/wp-json\/wp\/v2\/users\/1"}],"replies":[{"embeddable":true,"href":"https:\/\/www.administratiekantoor-hoogkamer.nl\/pl\/wp-json\/wp\/v2\/comments?post=1052"}],"version-history":[{"count":1,"href":"https:\/\/www.administratiekantoor-hoogkamer.nl\/pl\/wp-json\/wp\/v2\/pages\/1052\/revisions"}],"predecessor-version":[{"id":1053,"href":"https:\/\/www.administratiekantoor-hoogkamer.nl\/pl\/wp-json\/wp\/v2\/pages\/1052\/revisions\/1053"}],"wp:attachment":[{"href":"https:\/\/www.administratiekantoor-hoogkamer.nl\/pl\/wp-json\/wp\/v2\/media?parent=1052"}],"curies":[{"name":"wp","href":"https:\/\/api.w.org\/{rel}","templated":true}]}}