{"id":29,"date":"2014-08-26T12:58:20","date_gmt":"2014-08-26T12:58:20","guid":{"rendered":"http:\/\/bitpublimedia.ro\/themeforest\/diamond-wp\/?page_id=29"},"modified":"2025-11-13T11:56:38","modified_gmt":"2025-11-13T10:56:38","slug":"uslugi-biznesowe","status":"publish","type":"page","link":"https:\/\/www.administratiekantoor-hoogkamer.nl\/pl\/zakelijke-diensten\/","title":{"rendered":"Us\u0142ugi biznesowe"},"content":{"rendered":"<p><div class=\"fusion-fullwidth fullwidth-box fusion-builder-row-1 fusion-flex-container has-pattern-background has-mask-background nonhundred-percent-fullwidth non-hundred-percent-height-scrolling\" style=\"--link_hover_color: var(--awb-color5);--awb-border-radius-top-left:0px;--awb-border-radius-top-right:0px;--awb-border-radius-bottom-right:0px;--awb-border-radius-bottom-left:0px;--awb-padding-top:20px;--awb-padding-top-medium:80px;--awb-padding-top-small:36px;--awb-padding-bottom-small:32px;--awb-flex-wrap:wrap;\" ><div class=\"fusion-builder-row fusion-row fusion-flex-align-items-flex-start fusion-flex-justify-content-center fusion-flex-content-wrap\" style=\"max-width:1310.4px;margin-left: calc(-4% \/ 2 );margin-right: calc(-4% \/ 2 );\"><div class=\"fusion-layout-column fusion_builder_column fusion-builder-column-0 fusion_builder_column_1_3 1_3 fusion-flex-column\" style=\"--awb-bg-size:cover;--awb-width-large:33.333333333333%;--awb-margin-top-large:32px;--awb-spacing-right-large:5.76%;--awb-margin-bottom-large:20px;--awb-spacing-left-large:5.76%;--awb-width-medium:66.666666666667%;--awb-order-medium:0;--awb-spacing-right-medium:2.88%;--awb-spacing-left-medium:2.88%;--awb-width-small:100%;--awb-order-small:0;--awb-spacing-right-small:1.92%;--awb-spacing-left-small:1.92%;\"><div class=\"fusion-column-wrapper fusion-column-has-shadow fusion-flex-justify-content-flex-start fusion-content-layout-column\"><div class=\"fusion-image-element\" style=\"--awb-mask-url: url(https:\/\/www.administratiekantoor-hoogkamer.nl\/wp-content\/plugins\/fusion-builder\/\/assets\/images\/masks\/mask-3.svg);--awb-caption-title-font-family:var(--h2_typography-font-family);--awb-caption-title-font-weight:var(--h2_typography-font-weight);--awb-caption-title-font-style:var(--h2_typography-font-style);--awb-caption-title-size:var(--h2_typography-font-size);--awb-caption-title-transform:var(--h2_typography-text-transform);--awb-caption-title-line-height:var(--h2_typography-line-height);--awb-caption-title-letter-spacing:var(--h2_typography-letter-spacing);\"><span class=\"fusion-imageframe imageframe-none imageframe-1 hover-type-none has-mask\"><img decoding=\"async\" width=\"300\" height=\"300\" alt=\"Doradztwo finansowe Alphen aan den Rijn\" title=\"Doradztwo finansowe Alphen aan den Rijn\" src=\"data:image\/svg+xml,%3Csvg%20xmlns%3D%27http%3A%2F%2Fwww.w3.org%2F2000%2Fsvg%27%20width%3D%27620%27%20height%3D%27620%27%20viewBox%3D%270%200%20620%20620%27%3E%3Crect%20width%3D%27620%27%20height%3D%27620%27%20fill-opacity%3D%220%22%2F%3E%3C%2Fsvg%3E\" data-orig-src=\"https:\/\/www.administratiekantoor-hoogkamer.nl\/wp-content\/uploads\/2014\/08\/financieel-advies-alphen-aan-den-rijn-Hoogkamer-300x300.jpg\" class=\"lazyload img-responsive wp-image-896\"\/><\/span><\/div><\/div><\/div><div class=\"fusion-layout-column fusion_builder_column fusion-builder-column-1 fusion_builder_column_2_3 2_3 fusion-flex-column\" style=\"--awb-bg-size:cover;--awb-width-large:66.666666666667%;--awb-margin-top-large:32px;--awb-spacing-right-large:2.88%;--awb-margin-bottom-large:20px;--awb-spacing-left-large:2.88%;--awb-width-medium:66.666666666667%;--awb-order-medium:0;--awb-spacing-right-medium:2.88%;--awb-spacing-left-medium:2.88%;--awb-width-small:100%;--awb-order-small:0;--awb-spacing-right-small:1.92%;--awb-spacing-left-small:1.92%;\"><div class=\"fusion-column-wrapper fusion-column-has-shadow fusion-flex-justify-content-flex-start fusion-content-layout-column\"><div class=\"fusion-title title fusion-title-1 fusion-sep-none fusion-title-center fusion-title-text fusion-title-size-three\" style=\"--awb-margin-top-small:10px;--awb-margin-right-small:0px;--awb-margin-bottom-small:20px;--awb-margin-left-small:0px;\"><h3 class=\"fusion-title-heading title-heading-center fusion-responsive-typography-calculated\" style=\"margin:0;--fontSize:36;line-height:1.3;\">Co Administratiekantoor Hoogkamer mo\u017ce zrobi\u0107 dla Ciebie jako klienta biznesowego?<\/h3><\/div><div class=\"fusion-text fusion-text-1\" style=\"--awb-content-alignment:center;--awb-text-color:var(--awb-color3);\"><p>Administratiekantoor Hoogkamer ca\u0142kowicie zdejmuje z Ciebie odpowiedzialno\u015b\u0107 za sprawy administracyjne i podatkowe, gwarantuj\u0105c wi\u0119ksz\u0105 wygod\u0119 i spok\u00f3j ducha. Aby uzyska\u0107 fachow\u0105 porad\u0119 lub wsparcie w prowadzeniu ksi\u0119gowo\u015bci, trafi\u0142e\u015b we w\u0142a\u015bciwe miejsce.<\/p>\n<p>Niezale\u017cnie od bran\u017cy, Administratiekantoor Hoogkamer zapewnia wsparcie administracyjne, kt\u00f3re Ci odpowiada. Administratiekantoor Hoogkamer zdejmuje z Ciebie ci\u0119\u017car pracy i wspiera Ci\u0119 w \"zarz\u0105dzaniu\" firm\u0105.<\/p>\n<\/div><\/div><\/div><\/div><\/div><div class=\"fusion-fullwidth fullwidth-box fusion-builder-row-2 fusion-flex-container has-pattern-background has-mask-background hundred-percent-fullwidth non-hundred-percent-height-scrolling\" style=\"--link_hover_color: var(--awb-color5);--awb-border-radius-top-left:0px;--awb-border-radius-top-right:0px;--awb-border-radius-bottom-right:0px;--awb-border-radius-bottom-left:0px;--awb-padding-top:50px;--awb-padding-top-medium:80px;--awb-padding-top-small:36px;--awb-padding-bottom-small:32px;--awb-flex-wrap:wrap;\" ><div class=\"fusion-builder-row fusion-row fusion-flex-align-items-flex-start fusion-flex-justify-content-center fusion-flex-content-wrap\" style=\"width:104% !important;max-width:104% !important;margin-left: calc(-4% \/ 2 );margin-right: calc(-4% \/ 2 );\"><div class=\"fusion-layout-column fusion_builder_column fusion-builder-column-2 fusion_builder_column_1_1 1_1 fusion-flex-column\" style=\"--awb-padding-bottom:50px;--awb-bg-color:var(--awb-color4);--awb-bg-color-hover:var(--awb-color4);--awb-bg-size:cover;--awb-width-large:100%;--awb-margin-top-large:32px;--awb-spacing-right-large:1.92%;--awb-margin-bottom-large:20px;--awb-spacing-left-large:1.92%;--awb-width-medium:66.666666666667%;--awb-order-medium:0;--awb-spacing-right-medium:2.88%;--awb-spacing-left-medium:2.88%;--awb-width-small:100%;--awb-order-small:0;--awb-spacing-right-small:1.92%;--awb-spacing-left-small:1.92%;\" data-scroll-devices=\"small-visibility,medium-visibility,large-visibility\"><div class=\"fusion-column-wrapper fusion-column-has-shadow fusion-flex-justify-content-flex-start fusion-content-layout-column\"><div class=\"fusion-title title fusion-title-2 fusion-sep-none fusion-title-center fusion-title-text fusion-title-size-three\" style=\"--awb-margin-top:50px;--awb-margin-top-small:10px;--awb-margin-right-small:0px;--awb-margin-bottom-small:20px;--awb-margin-left-small:0px;--awb-font-size:22px;\"><h3 class=\"fusion-title-heading title-heading-center fusion-responsive-typography-calculated\" style=\"margin:0;font-size:1em;--fontSize:22;--minFontSize:22;line-height:1.3;\">Skontaktuj si\u0119 z nami natychmiast, aby uzyska\u0107 niezobowi\u0105zuj\u0105c\u0105 konsultacj\u0119!<\/h3><\/div><div style=\"text-align:center;\"><a class=\"fusion-button button-flat fusion-button-default-size button-default fusion-button-default button-1 fusion-button-default-span fusion-button-default-type\" style=\"--awb-margin-top:10px;\" target=\"_self\" href=\"https:\/\/www.administratiekantoor-hoogkamer.nl\/pl\/kontakt\/\"><span class=\"fusion-button-text awb-button__text awb-button__text--default\">Kontakt<\/span><\/a><\/div><\/div><\/div><\/div><\/div><div class=\"fusion-fullwidth fullwidth-box fusion-builder-row-3 fusion-flex-container has-pattern-background has-mask-background nonhundred-percent-fullwidth non-hundred-percent-height-scrolling\" style=\"--link_hover_color: var(--awb-color5);--awb-border-radius-top-left:0px;--awb-border-radius-top-right:0px;--awb-border-radius-bottom-right:0px;--awb-border-radius-bottom-left:0px;--awb-padding-top:50px;--awb-padding-top-medium:80px;--awb-padding-top-small:36px;--awb-padding-bottom-small:32px;--awb-flex-wrap:wrap;\" ><div class=\"fusion-builder-row fusion-row fusion-flex-align-items-flex-start fusion-flex-justify-content-center fusion-flex-content-wrap\" style=\"max-width:1310.4px;margin-left: calc(-4% \/ 2 );margin-right: calc(-4% \/ 2 );\"><div class=\"fusion-layout-column fusion_builder_column fusion-builder-column-3 fusion_builder_column_1_3 1_3 fusion-flex-column\" style=\"--awb-padding-top:36px;--awb-padding-right:40px;--awb-padding-bottom:16px;--awb-padding-left:40px;--awb-overflow:hidden;--awb-bg-size:cover;--awb-box-shadow:0px 2px 4px -1px hsla(var(--awb-color1-h),var(--awb-color1-s),calc( var(--awb-color1-l) - 100% ),calc( var(--awb-color1-a) - 95% ));;--awb-border-color:hsla(var(--awb-color1-h),var(--awb-color1-s),calc( var(--awb-color1-l) - 100% ),calc( var(--awb-color1-a) - 95% ));--awb-border-top:1px;--awb-border-right:1px;--awb-border-bottom:1px;--awb-border-left:1px;--awb-border-style:solid;--awb-border-radius:8px 8px 8px 8px;--awb-width-large:33.333333333333%;--awb-margin-top-large:20px;--awb-spacing-right-large:20px;--awb-margin-bottom-large:20px;--awb-spacing-left-large:20px;--awb-width-medium:33.333333333333%;--awb-order-medium:0;--awb-spacing-right-medium:10px;--awb-spacing-left-medium:10px;--awb-width-small:100%;--awb-order-small:0;--awb-spacing-right-small:1.92%;--awb-margin-bottom-small:10px;--awb-spacing-left-small:1.92%;\"><div class=\"fusion-column-wrapper fusion-column-has-shadow fusion-flex-justify-content-flex-start fusion-content-layout-column\"><i class=\"fb-icon-element-1 fb-icon-element fontawesome-icon icon-accountant-calculator circle-no fusion-text-flow icon-hover-animation-slide\" style=\"--awb-font-size:32px;--awb-margin-bottom:16px;\"><\/i><div class=\"fusion-title title fusion-title-3 fusion-sep-none fusion-title-text fusion-title-size-three\" style=\"--awb-margin-top-small:10px;--awb-margin-right-small:0px;--awb-margin-bottom-small:20px;--awb-margin-left-small:0px;--awb-font-size:24px;\"><h3 class=\"fusion-title-heading title-heading-left fusion-responsive-typography-calculated\" style=\"margin:0;font-size:1em;--fontSize:24;--minFontSize:24;line-height:1.42;\"><a href=\"https:\/\/www.administratiekantoor-hoogkamer.nl\/pl\/services\/accounting\/\" class=\"awb-custom-text-color awb-custom-text-hover-color\" target=\"_self\">Administracja finansowa<\/a><\/h3><\/div><div class=\"fusion-text fusion-text-2\"><p>Je\u015bli potrzebujesz tymczasowej pomocy w obs\u0142udze administracyjnej, mo\u017cemy Ci\u0119 odci\u0105\u017cy\u0107, przyje\u017cd\u017caj\u0105c do Twojej siedziby, aby wesprze\u0107 administracj\u0119 we w\u0142asnym zakresie.<\/p>\n<\/div><\/div><\/div><div class=\"fusion-layout-column fusion_builder_column fusion-builder-column-4 fusion_builder_column_1_3 1_3 fusion-flex-column\" style=\"--awb-padding-top:36px;--awb-padding-right:40px;--awb-padding-bottom:16px;--awb-padding-left:40px;--awb-overflow:hidden;--awb-bg-size:cover;--awb-box-shadow:0px 2px 4px -1px hsla(var(--awb-color1-h),var(--awb-color1-s),calc( var(--awb-color1-l) - 100% ),calc( var(--awb-color1-a) - 95% ));;--awb-border-color:hsla(var(--awb-color1-h),var(--awb-color1-s),calc( var(--awb-color1-l) - 100% ),calc( var(--awb-color1-a) - 95% ));--awb-border-top:1px;--awb-border-right:1px;--awb-border-bottom:1px;--awb-border-left:1px;--awb-border-style:solid;--awb-border-radius:8px 8px 8px 8px;--awb-width-large:33.333333333333%;--awb-margin-top-large:20px;--awb-spacing-right-large:20px;--awb-margin-bottom-large:20px;--awb-spacing-left-large:20px;--awb-width-medium:33.333333333333%;--awb-order-medium:0;--awb-spacing-right-medium:10px;--awb-spacing-left-medium:10px;--awb-width-small:100%;--awb-order-small:0;--awb-spacing-right-small:1.92%;--awb-margin-bottom-small:10px;--awb-spacing-left-small:1.92%;\"><div class=\"fusion-column-wrapper fusion-column-has-shadow fusion-flex-justify-content-flex-start fusion-content-layout-column\"><i class=\"fb-icon-element-2 fb-icon-element fontawesome-icon icon-accountant-folders circle-no fusion-text-flow icon-hover-animation-slide\" style=\"--awb-font-size:32px;--awb-margin-bottom:16px;\"><\/i><div class=\"fusion-title title fusion-title-4 fusion-sep-none fusion-title-text fusion-title-size-three\" style=\"--awb-margin-top-small:10px;--awb-margin-right-small:0px;--awb-margin-bottom-small:20px;--awb-margin-left-small:0px;--awb-font-size:24px;\"><h3 class=\"fusion-title-heading title-heading-left fusion-responsive-typography-calculated\" style=\"margin:0;font-size:1em;--fontSize:24;--minFontSize:24;line-height:1.42;\"><a href=\"https:\/\/www.administratiekantoor-hoogkamer.nl\/pl\/services\/tax-services\/\" class=\"awb-custom-text-color awb-custom-text-hover-color\" target=\"_self\">Kontroler<\/a><\/h3><\/div><div class=\"fusion-text fusion-text-3\"><p>Czy zatrudniasz pracownik\u00f3w do swojej administracji, ale brakuje Ci ostatecznego sprawdzenia dokumentacji? W takim razie mo\u017cemy wesprze\u0107 Ci\u0119 w zamkni\u0119ciu miesi\u0105ca za pomoc\u0105 raportu miesi\u0119cznego i z\u0142o\u017ceniu zeznania podatkowego w urz\u0119dzie skarbowym.<\/p>\n<\/div><\/div><\/div><div class=\"fusion-layout-column fusion_builder_column fusion-builder-column-5 fusion_builder_column_1_3 1_3 fusion-flex-column\" style=\"--awb-padding-top:36px;--awb-padding-right:40px;--awb-padding-bottom:16px;--awb-padding-left:40px;--awb-overflow:hidden;--awb-bg-size:cover;--awb-box-shadow:0px 2px 4px -1px hsla(var(--awb-color1-h),var(--awb-color1-s),calc( var(--awb-color1-l) - 100% ),calc( var(--awb-color1-a) - 95% ));;--awb-border-color:hsla(var(--awb-color1-h),var(--awb-color1-s),calc( var(--awb-color1-l) - 100% ),calc( var(--awb-color1-a) - 95% ));--awb-border-top:1px;--awb-border-right:1px;--awb-border-bottom:1px;--awb-border-left:1px;--awb-border-style:solid;--awb-border-radius:8px 8px 8px 8px;--awb-width-large:33.333333333333%;--awb-margin-top-large:20px;--awb-spacing-right-large:20px;--awb-margin-bottom-large:20px;--awb-spacing-left-large:20px;--awb-width-medium:33.333333333333%;--awb-order-medium:0;--awb-spacing-right-medium:10px;--awb-spacing-left-medium:10px;--awb-width-small:100%;--awb-order-small:0;--awb-spacing-right-small:1.92%;--awb-margin-bottom-small:10px;--awb-spacing-left-small:1.92%;\"><div class=\"fusion-column-wrapper fusion-column-has-shadow fusion-flex-justify-content-flex-start fusion-content-layout-column\"><i class=\"fb-icon-element-3 fb-icon-element fontawesome-icon icon-accountant-chart-2 circle-no fusion-text-flow icon-hover-animation-slide\" style=\"--awb-font-size:32px;--awb-margin-bottom:16px;\"><\/i><div class=\"fusion-title title fusion-title-5 fusion-sep-none fusion-title-text fusion-title-size-three\" style=\"--awb-margin-top-small:10px;--awb-margin-right-small:0px;--awb-margin-bottom-small:20px;--awb-margin-left-small:0px;--awb-font-size:24px;\"><h3 class=\"fusion-title-heading title-heading-left fusion-responsive-typography-calculated\" style=\"margin:0;font-size:1em;--fontSize:24;--minFontSize:24;line-height:1.42;\"><a href=\"https:\/\/www.administratiekantoor-hoogkamer.nl\/pl\/services\/financial\/\" class=\"awb-custom-text-color awb-custom-text-hover-color\" target=\"_self\">Doradztwo finansowe<\/a><\/h3><\/div><div class=\"fusion-text fusion-text-4\"><p>Administratiekantoor Hoogkamer zajmuje si\u0119 ksi\u0119gowo\u015bci\u0105 i administracj\u0105 finansow\u0105.<br \/>\nCh\u0119tnie udzielimy porad finansowych, kt\u00f3re pomog\u0105 zaoszcz\u0119dzi\u0107 koszty.<br \/>\nRobimy to skutecznie i przejrzy\u015bcie. Zawsze mamy osobisty kontakt z naszymi klientami.<br \/>\nW ten spos\u00f3b nigdy wi\u0119cej nie b\u0119dziesz musia\u0142 wyja\u015bnia\u0107 swojej sytuacji. Lubimy kr\u00f3tkie linie komunikacji. Lubimy my\u015ble\u0107 proaktywnie.<\/p>\n<\/div><\/div><\/div><\/div><\/div><\/p>","protected":false},"excerpt":{"rendered":"","protected":false},"author":1,"featured_media":0,"parent":0,"menu_order":0,"comment_status":"open","ping_status":"open","template":"100-width.php","meta":{"_monsterinsights_skip_tracking":false,"_monsterinsights_sitenote_active":false,"_monsterinsights_sitenote_note":"","_monsterinsights_sitenote_category":0,"footnotes":""},"class_list":["post-29","page","type-page","status-publish","hentry"],"yoast_head":"<!-- This site is optimized with the Yoast SEO plugin v27.4 - https:\/\/yoast.com\/product\/yoast-seo-wordpress\/ -->\n<title>Administratiekantoor Hoogkamer | Zakelijke diensten<\/title>\n<meta name=\"description\" content=\"Wat kan administratiekantoor Hoogkamer voor u als zakelijke klant betekenen? Administratiekantoor Hoogkamer neemt uw administratieve ...\" \/>\n<meta name=\"robots\" content=\"index, follow, max-snippet:-1, max-image-preview:large, max-video-preview:-1\" \/>\n<link rel=\"canonical\" href=\"https:\/\/www.administratiekantoor-hoogkamer.nl\/pl\/uslugi-biznesowe\/\" \/>\n<meta property=\"og:locale\" content=\"pl_PL\" \/>\n<meta property=\"og:type\" content=\"article\" \/>\n<meta property=\"og:title\" content=\"Administratiekantoor Hoogkamer | Zakelijke diensten\" \/>\n<meta property=\"og:description\" content=\"Wat kan administratiekantoor Hoogkamer voor u als zakelijke klant betekenen? Administratiekantoor Hoogkamer neemt uw administratieve ...\" \/>\n<meta property=\"og:url\" content=\"https:\/\/www.administratiekantoor-hoogkamer.nl\/pl\/uslugi-biznesowe\/\" \/>\n<meta property=\"og:site_name\" content=\"Administratiekantoor Hoogkamer | Alphen aan den Rijn\" \/>\n<meta property=\"article:modified_time\" content=\"2025-11-13T10:56:38+00:00\" \/>\n<meta property=\"og:image\" content=\"https:\/\/www.administratiekantoor-hoogkamer.nl\/wp-content\/uploads\/2014\/12\/Logo-Administratiekantoor-Hoogkamer-website-e1686923143585.png\" \/>\n\t<meta property=\"og:image:width\" content=\"200\" \/>\n\t<meta property=\"og:image:height\" content=\"57\" \/>\n\t<meta property=\"og:image:type\" content=\"image\/png\" \/>\n<script type=\"application\/ld+json\" class=\"yoast-schema-graph\">{\"@context\":\"https:\\\/\\\/schema.org\",\"@graph\":[{\"@type\":\"WebPage\",\"@id\":\"https:\\\/\\\/www.administratiekantoor-hoogkamer.nl\\\/zakelijke-diensten\\\/\",\"url\":\"https:\\\/\\\/www.administratiekantoor-hoogkamer.nl\\\/zakelijke-diensten\\\/\",\"name\":\"Administratiekantoor Hoogkamer | Zakelijke diensten\",\"isPartOf\":{\"@id\":\"https:\\\/\\\/www.administratiekantoor-hoogkamer.nl\\\/#website\"},\"datePublished\":\"2014-08-26T12:58:20+00:00\",\"dateModified\":\"2025-11-13T10:56:38+00:00\",\"description\":\"Wat kan administratiekantoor Hoogkamer voor u als zakelijke klant betekenen? Administratiekantoor Hoogkamer neemt uw administratieve ...\",\"breadcrumb\":{\"@id\":\"https:\\\/\\\/www.administratiekantoor-hoogkamer.nl\\\/zakelijke-diensten\\\/#breadcrumb\"},\"inLanguage\":\"pl-PL\",\"potentialAction\":[{\"@type\":\"ReadAction\",\"target\":[\"https:\\\/\\\/www.administratiekantoor-hoogkamer.nl\\\/zakelijke-diensten\\\/\"]}]},{\"@type\":\"BreadcrumbList\",\"@id\":\"https:\\\/\\\/www.administratiekantoor-hoogkamer.nl\\\/zakelijke-diensten\\\/#breadcrumb\",\"itemListElement\":[{\"@type\":\"ListItem\",\"position\":1,\"name\":\"Home\",\"item\":\"https:\\\/\\\/www.administratiekantoor-hoogkamer.nl\\\/\"},{\"@type\":\"ListItem\",\"position\":2,\"name\":\"Zakelijke diensten\"}]},{\"@type\":\"WebSite\",\"@id\":\"https:\\\/\\\/www.administratiekantoor-hoogkamer.nl\\\/#website\",\"url\":\"https:\\\/\\\/www.administratiekantoor-hoogkamer.nl\\\/\",\"name\":\"Administratiekantoor Hoogkamer | Alphen aan den Rijn\",\"description\":\"Een heldere kijk op uw cijfers\",\"publisher\":{\"@id\":\"https:\\\/\\\/www.administratiekantoor-hoogkamer.nl\\\/#organization\"},\"potentialAction\":[{\"@type\":\"SearchAction\",\"target\":{\"@type\":\"EntryPoint\",\"urlTemplate\":\"https:\\\/\\\/www.administratiekantoor-hoogkamer.nl\\\/?s={search_term_string}\"},\"query-input\":{\"@type\":\"PropertyValueSpecification\",\"valueRequired\":true,\"valueName\":\"search_term_string\"}}],\"inLanguage\":\"pl-PL\"},{\"@type\":\"Organization\",\"@id\":\"https:\\\/\\\/www.administratiekantoor-hoogkamer.nl\\\/#organization\",\"name\":\"Administratiekantoor Hoogkamer\",\"url\":\"https:\\\/\\\/www.administratiekantoor-hoogkamer.nl\\\/\",\"logo\":{\"@type\":\"ImageObject\",\"inLanguage\":\"pl-PL\",\"@id\":\"https:\\\/\\\/www.administratiekantoor-hoogkamer.nl\\\/#\\\/schema\\\/logo\\\/image\\\/\",\"url\":\"https:\\\/\\\/www.administratiekantoor-hoogkamer.nl\\\/wp-content\\\/uploads\\\/2014\\\/12\\\/Logo-Administratiekantoor-Hoogkamer-website-e1686923143585.png\",\"contentUrl\":\"https:\\\/\\\/www.administratiekantoor-hoogkamer.nl\\\/wp-content\\\/uploads\\\/2014\\\/12\\\/Logo-Administratiekantoor-Hoogkamer-website-e1686923143585.png\",\"width\":200,\"height\":57,\"caption\":\"Administratiekantoor Hoogkamer\"},\"image\":{\"@id\":\"https:\\\/\\\/www.administratiekantoor-hoogkamer.nl\\\/#\\\/schema\\\/logo\\\/image\\\/\"}}]}<\/script>\n<!-- \/ Yoast SEO plugin. -->","yoast_head_json":{"title":"Biuro administracyjne Hoogkamer | Us\u0142ugi biznesowe","description":"Co biuro administracyjne Hoogkamer mo\u017ce zrobi\u0107 dla Ciebie jako klienta biznesowego? Administratiekantoor Hoogkamer zajmuje si\u0119 ...","robots":{"index":"index","follow":"follow","max-snippet":"max-snippet:-1","max-image-preview":"max-image-preview:large","max-video-preview":"max-video-preview:-1"},"canonical":"https:\/\/www.administratiekantoor-hoogkamer.nl\/pl\/uslugi-biznesowe\/","og_locale":"pl_PL","og_type":"article","og_title":"Administratiekantoor Hoogkamer | Zakelijke diensten","og_description":"Wat kan administratiekantoor Hoogkamer voor u als zakelijke klant betekenen? Administratiekantoor Hoogkamer neemt uw administratieve ...","og_url":"https:\/\/www.administratiekantoor-hoogkamer.nl\/pl\/uslugi-biznesowe\/","og_site_name":"Administratiekantoor Hoogkamer | Alphen aan den Rijn","article_modified_time":"2025-11-13T10:56:38+00:00","og_image":[{"width":200,"height":57,"url":"https:\/\/www.administratiekantoor-hoogkamer.nl\/wp-content\/uploads\/2014\/12\/Logo-Administratiekantoor-Hoogkamer-website-e1686923143585.png","type":"image\/png"}],"schema":{"@context":"https:\/\/schema.org","@graph":[{"@type":"WebPage","@id":"https:\/\/www.administratiekantoor-hoogkamer.nl\/zakelijke-diensten\/","url":"https:\/\/www.administratiekantoor-hoogkamer.nl\/zakelijke-diensten\/","name":"Biuro administracyjne Hoogkamer | Us\u0142ugi biznesowe","isPartOf":{"@id":"https:\/\/www.administratiekantoor-hoogkamer.nl\/#website"},"datePublished":"2014-08-26T12:58:20+00:00","dateModified":"2025-11-13T10:56:38+00:00","description":"Co biuro administracyjne Hoogkamer mo\u017ce zrobi\u0107 dla Ciebie jako klienta biznesowego? Administratiekantoor Hoogkamer zajmuje si\u0119 ...","breadcrumb":{"@id":"https:\/\/www.administratiekantoor-hoogkamer.nl\/zakelijke-diensten\/#breadcrumb"},"inLanguage":"pl-PL","potentialAction":[{"@type":"ReadAction","target":["https:\/\/www.administratiekantoor-hoogkamer.nl\/zakelijke-diensten\/"]}]},{"@type":"BreadcrumbList","@id":"https:\/\/www.administratiekantoor-hoogkamer.nl\/zakelijke-diensten\/#breadcrumb","itemListElement":[{"@type":"ListItem","position":1,"name":"Home","item":"https:\/\/www.administratiekantoor-hoogkamer.nl\/"},{"@type":"ListItem","position":2,"name":"Zakelijke diensten"}]},{"@type":"WebSite","@id":"https:\/\/www.administratiekantoor-hoogkamer.nl\/#website","url":"https:\/\/www.administratiekantoor-hoogkamer.nl\/","name":"Biuro administracyjne Hoogkamer | Alphen aan den Rijn","description":"Przejrzysty wgl\u0105d w dane liczbowe","publisher":{"@id":"https:\/\/www.administratiekantoor-hoogkamer.nl\/#organization"},"potentialAction":[{"@type":"SearchAction","target":{"@type":"EntryPoint","urlTemplate":"https:\/\/www.administratiekantoor-hoogkamer.nl\/?s={search_term_string}"},"query-input":{"@type":"PropertyValueSpecification","valueRequired":true,"valueName":"search_term_string"}}],"inLanguage":"pl-PL"},{"@type":"Organization","@id":"https:\/\/www.administratiekantoor-hoogkamer.nl\/#organization","name":"Firma ksi\u0119gowa Hoogkamer","url":"https:\/\/www.administratiekantoor-hoogkamer.nl\/","logo":{"@type":"ImageObject","inLanguage":"pl-PL","@id":"https:\/\/www.administratiekantoor-hoogkamer.nl\/#\/schema\/logo\/image\/","url":"https:\/\/www.administratiekantoor-hoogkamer.nl\/wp-content\/uploads\/2014\/12\/Logo-Administratiekantoor-Hoogkamer-website-e1686923143585.png","contentUrl":"https:\/\/www.administratiekantoor-hoogkamer.nl\/wp-content\/uploads\/2014\/12\/Logo-Administratiekantoor-Hoogkamer-website-e1686923143585.png","width":200,"height":57,"caption":"Administratiekantoor Hoogkamer"},"image":{"@id":"https:\/\/www.administratiekantoor-hoogkamer.nl\/#\/schema\/logo\/image\/"}}]}},"_links":{"self":[{"href":"https:\/\/www.administratiekantoor-hoogkamer.nl\/pl\/wp-json\/wp\/v2\/pages\/29","targetHints":{"allow":["GET"]}}],"collection":[{"href":"https:\/\/www.administratiekantoor-hoogkamer.nl\/pl\/wp-json\/wp\/v2\/pages"}],"about":[{"href":"https:\/\/www.administratiekantoor-hoogkamer.nl\/pl\/wp-json\/wp\/v2\/types\/page"}],"author":[{"embeddable":true,"href":"https:\/\/www.administratiekantoor-hoogkamer.nl\/pl\/wp-json\/wp\/v2\/users\/1"}],"replies":[{"embeddable":true,"href":"https:\/\/www.administratiekantoor-hoogkamer.nl\/pl\/wp-json\/wp\/v2\/comments?post=29"}],"version-history":[{"count":21,"href":"https:\/\/www.administratiekantoor-hoogkamer.nl\/pl\/wp-json\/wp\/v2\/pages\/29\/revisions"}],"predecessor-version":[{"id":2457,"href":"https:\/\/www.administratiekantoor-hoogkamer.nl\/pl\/wp-json\/wp\/v2\/pages\/29\/revisions\/2457"}],"wp:attachment":[{"href":"https:\/\/www.administratiekantoor-hoogkamer.nl\/pl\/wp-json\/wp\/v2\/media?parent=29"}],"curies":[{"name":"wp","href":"https:\/\/api.w.org\/{rel}","templated":true}]}}