{"id":834,"date":"2014-11-20T14:25:49","date_gmt":"2014-11-20T13:25:49","guid":{"rendered":"http:\/\/www2.administratiekantoor-hoogkamer.nl\/?page_id=834"},"modified":"2023-06-16T15:48:48","modified_gmt":"2023-06-16T14:48:48","slug":"pakiet-startowy","status":"publish","type":"page","link":"https:\/\/www.administratiekantoor-hoogkamer.nl\/pl\/starterspakket\/","title":{"rendered":"Pakiet startowy"},"content":{"rendered":"<p><div class=\"fusion-fullwidth fullwidth-box fusion-builder-row-1 fusion-flex-container has-pattern-background has-mask-background nonhundred-percent-fullwidth non-hundred-percent-height-scrolling\" style=\"--link_hover_color: var(--awb-color5);--awb-border-radius-top-left:0px;--awb-border-radius-top-right:0px;--awb-border-radius-bottom-right:0px;--awb-border-radius-bottom-left:0px;--awb-padding-top:50px;--awb-padding-top-medium:80px;--awb-padding-top-small:36px;--awb-padding-bottom-small:32px;--awb-flex-wrap:wrap;\" ><div class=\"fusion-builder-row fusion-row fusion-flex-align-items-flex-start fusion-flex-justify-content-center fusion-flex-content-wrap\" style=\"max-width:1310.4px;margin-left: calc(-4% \/ 2 );margin-right: calc(-4% \/ 2 );\"><div class=\"fusion-layout-column fusion_builder_column fusion-builder-column-0 fusion_builder_column_1_2 1_2 fusion-flex-column\" style=\"--awb-bg-size:cover;--awb-width-large:50%;--awb-margin-top-large:60px;--awb-spacing-right-large:3.84%;--awb-margin-bottom-large:20px;--awb-spacing-left-large:3.84%;--awb-width-medium:66.666666666667%;--awb-order-medium:0;--awb-spacing-right-medium:2.88%;--awb-spacing-left-medium:2.88%;--awb-width-small:100%;--awb-order-small:0;--awb-spacing-right-small:1.92%;--awb-spacing-left-small:1.92%;\" data-scroll-devices=\"small-visibility,medium-visibility,large-visibility\"><div class=\"fusion-column-wrapper fusion-column-has-shadow fusion-flex-justify-content-flex-start fusion-content-layout-column\"><i class=\"fb-icon-element-1 fb-icon-element fontawesome-icon fa-shield-alt fas circle-no icon-hover-animation-slide\" style=\"--awb-font-size:50px;--awb-margin-top:0;--awb-margin-right:0;--awb-margin-bottom:0;--awb-margin-left:0;--awb-align-self:center;\"><\/i><div class=\"fusion-title title fusion-title-1 fusion-sep-none fusion-title-center fusion-title-text fusion-title-size-three\" style=\"--awb-margin-top-small:10px;--awb-margin-right-small:0px;--awb-margin-bottom-small:20px;--awb-margin-left-small:0px;\"><h3 class=\"fusion-title-heading title-heading-center fusion-responsive-typography-calculated\" style=\"margin:0;--fontSize:36;line-height:1.3;\">Rozpoczynasz w\u0142asn\u0105 dzia\u0142alno\u015b\u0107 gospodarcz\u0105?<\/h3><\/div><div class=\"fusion-separator fusion-full-width-sep\" style=\"align-self: center;margin-left: auto;margin-right: auto;margin-top:50px;width:100%;\"><\/div><div class=\"fusion-text fusion-text-1\" style=\"--awb-content-alignment:center;--awb-text-color:var(--awb-color3);\"><p>Specjalnie dla pocz\u0105tkuj\u0105cych przedsi\u0119biorc\u00f3w przygotowali\u015bmy pakiet us\u0142ug, kt\u00f3re b\u0119d\u0105 cz\u0119sto potrzebne w pierwszym roku dzia\u0142alno\u015bci.<br \/>\nObejmuje ona zar\u00f3wno us\u0142ugi administracyjne, jak i prawne.<br \/>\nW ten spos\u00f3b mo\u017cna zapewni\u0107 sobie odpowiednie wsparcie i porady przez pierwszy rok.<br \/>\nTo jedno zmartwienie mniej. A Ty mo\u017cesz skupi\u0107 si\u0119 na biznesie!<\/p>\n<\/div><\/div><\/div><div class=\"fusion-layout-column fusion_builder_column fusion-builder-column-1 fusion_builder_column_1_2 1_2 fusion-flex-column\" style=\"--awb-padding-top:36px;--awb-padding-right:40px;--awb-padding-bottom:16px;--awb-padding-left:40px;--awb-overflow:hidden;--awb-bg-size:cover;--awb-box-shadow:0px 2px 4px -1px hsla(var(--awb-color1-h),var(--awb-color1-s),calc( var(--awb-color1-l) - 100% ),calc( var(--awb-color1-a) - 95% ));;--awb-border-color:#1a1c3b;--awb-border-top:2px;--awb-border-right:2px;--awb-border-bottom:2px;--awb-border-left:2px;--awb-border-style:solid;--awb-border-radius:8px 8px 8px 8px;--awb-width-large:50%;--awb-margin-top-large:20px;--awb-spacing-right-large:20px;--awb-margin-bottom-large:20px;--awb-spacing-left-large:20px;--awb-width-medium:50%;--awb-order-medium:0;--awb-spacing-right-medium:10px;--awb-spacing-left-medium:10px;--awb-width-small:100%;--awb-order-small:0;--awb-spacing-right-small:1.92%;--awb-margin-bottom-small:10px;--awb-spacing-left-small:1.92%;\" data-scroll-devices=\"small-visibility,medium-visibility,large-visibility\"><div class=\"fusion-column-wrapper fusion-column-has-shadow fusion-flex-justify-content-flex-start fusion-content-layout-column\"><i class=\"fb-icon-element-2 fb-icon-element fontawesome-icon fa-chart-pie fas circle-no icon-hover-animation-slide\" style=\"--awb-font-size:50px;--awb-margin-top:0;--awb-margin-right:0;--awb-margin-bottom:0;--awb-margin-left:0;--awb-align-self:center;\"><\/i><div class=\"fusion-title title fusion-title-2 fusion-sep-none fusion-title-center fusion-title-text fusion-title-size-three\" style=\"--awb-margin-top-small:10px;--awb-margin-right-small:0px;--awb-margin-bottom-small:20px;--awb-margin-left-small:0px;\"><h3 class=\"fusion-title-heading title-heading-center fusion-responsive-typography-calculated\" style=\"margin:0;--fontSize:36;line-height:1.3;\">Pakiet startowy<\/h3><\/div><div class=\"fusion-separator fusion-full-width-sep\" style=\"align-self: center;margin-left: auto;margin-right: auto;margin-top:50px;width:100%;\"><\/div><div class=\"fusion-text fusion-text-2\" style=\"--awb-content-alignment:center;--awb-text-color:var(--awb-color3);\"><p>Czego mo\u017cesz si\u0119 spodziewa\u0107 jako starter w Administratiekantoor Hoogkamer?<\/p>\n<\/div><div class=\"fusion-separator fusion-full-width-sep\" style=\"align-self: center;margin-left: auto;margin-right: auto;margin-top:10px;width:100%;\"><\/div><div class=\"fusion-text fusion-text-3\" style=\"--awb-content-alignment:center;--awb-text-color:var(--awb-color5);\"><p>Rozmowa wst\u0119pna<\/p>\n<\/div><div class=\"fusion-separator fusion-full-width-sep\" style=\"align-self: center;margin-left: auto;margin-right: auto;margin-top:0px;margin-bottom:15px;width:100%;max-width:100%;\"><div class=\"fusion-separator-border sep-single sep-solid\" style=\"--awb-height:20px;--awb-amount:20px;--awb-sep-color:#626262;border-color:#626262;border-top-width:1px;\"><\/div><\/div><div class=\"fusion-text fusion-text-4\" style=\"--awb-content-alignment:center;--awb-text-color:var(--awb-color5);\"><p>Dbanie o administracj\u0119 finansow\u0105<\/p>\n<\/div><div class=\"fusion-separator fusion-full-width-sep\" style=\"align-self: center;margin-left: auto;margin-right: auto;margin-top:0px;margin-bottom:15px;width:100%;max-width:100%;\"><div class=\"fusion-separator-border sep-single sep-solid\" style=\"--awb-height:20px;--awb-amount:20px;--awb-sep-color:#626262;border-color:#626262;border-top-width:1px;\"><\/div><\/div><div class=\"fusion-text fusion-text-5\" style=\"--awb-content-alignment:center;--awb-text-color:var(--awb-color5);\"><p>Deklaracja podatku od sprzeda\u017cy<\/p>\n<\/div><div class=\"fusion-separator fusion-full-width-sep\" style=\"align-self: center;margin-left: auto;margin-right: auto;margin-top:0px;margin-bottom:15px;width:100%;max-width:100%;\"><div class=\"fusion-separator-border sep-single sep-solid\" style=\"--awb-height:20px;--awb-amount:20px;--awb-sep-color:#626262;border-color:#626262;border-top-width:1px;\"><\/div><\/div><div class=\"fusion-text fusion-text-6\" style=\"--awb-content-alignment:center;--awb-text-color:var(--awb-color5);\"><p>Przygotowanie rocznych sprawozda\u0144 finansowych<\/p>\n<\/div><div class=\"fusion-separator fusion-full-width-sep\" style=\"align-self: center;margin-left: auto;margin-right: auto;margin-top:0px;margin-bottom:15px;width:100%;max-width:100%;\"><div class=\"fusion-separator-border sep-single sep-solid\" style=\"--awb-height:20px;--awb-amount:20px;--awb-sep-color:#626262;border-color:#626262;border-top-width:1px;\"><\/div><\/div><div class=\"fusion-text fusion-text-7\" style=\"--awb-content-alignment:center;--awb-text-color:var(--awb-color5);\"><p>Obj\u0119cie programem odrocze\u0144<\/p>\n<\/div><div class=\"fusion-separator fusion-full-width-sep\" style=\"align-self: center;margin-left: auto;margin-right: auto;margin-top:0px;margin-bottom:15px;width:100%;max-width:100%;\"><div class=\"fusion-separator-border sep-single sep-solid\" style=\"--awb-height:20px;--awb-amount:20px;--awb-sep-color:#626262;border-color:#626262;border-top-width:1px;\"><\/div><\/div><div style=\"text-align:center;\"><a class=\"fusion-button button-flat fusion-button-default-size button-default fusion-button-default button-1 fusion-button-default-span fusion-button-default-type\" style=\"--awb-margin-top:10px;\" target=\"_self\" href=\"https:\/\/www.administratiekantoor-hoogkamer.nl\/pl\/kontakt\/\"><span class=\"fusion-button-text awb-button__text awb-button__text--default\">Skontaktuj si\u0119 z nami bez zobowi\u0105za\u0144!<\/span><\/a><\/div><\/div><\/div><\/div><\/div><div class=\"fusion-fullwidth fullwidth-box fusion-builder-row-2 fusion-flex-container has-pattern-background has-mask-background hundred-percent-fullwidth non-hundred-percent-height-scrolling\" style=\"--link_hover_color: var(--awb-color5);--awb-border-radius-top-left:0px;--awb-border-radius-top-right:0px;--awb-border-radius-bottom-right:0px;--awb-border-radius-bottom-left:0px;--awb-padding-top:50px;--awb-padding-top-medium:80px;--awb-padding-top-small:36px;--awb-padding-bottom-small:32px;--awb-flex-wrap:wrap;\" ><div class=\"fusion-builder-row fusion-row fusion-flex-align-items-flex-start fusion-flex-justify-content-center fusion-flex-content-wrap\" style=\"width:104% !important;max-width:104% !important;margin-left: calc(-4% \/ 2 );margin-right: calc(-4% \/ 2 );\"><div class=\"fusion-layout-column fusion_builder_column fusion-builder-column-2 fusion_builder_column_1_1 1_1 fusion-flex-column\" style=\"--awb-padding-bottom:50px;--awb-bg-color:var(--awb-color4);--awb-bg-color-hover:var(--awb-color4);--awb-bg-size:cover;--awb-width-large:100%;--awb-margin-top-large:32px;--awb-spacing-right-large:1.92%;--awb-margin-bottom-large:20px;--awb-spacing-left-large:1.92%;--awb-width-medium:66.666666666667%;--awb-order-medium:0;--awb-spacing-right-medium:2.88%;--awb-spacing-left-medium:2.88%;--awb-width-small:100%;--awb-order-small:0;--awb-spacing-right-small:1.92%;--awb-spacing-left-small:1.92%;\" data-scroll-devices=\"small-visibility,medium-visibility,large-visibility\"><div class=\"fusion-column-wrapper fusion-column-has-shadow fusion-flex-justify-content-flex-start fusion-content-layout-column\"><div class=\"fusion-title title fusion-title-3 fusion-sep-none fusion-title-center fusion-title-text fusion-title-size-three\" style=\"--awb-margin-top:50px;--awb-margin-top-small:10px;--awb-margin-right-small:0px;--awb-margin-bottom-small:20px;--awb-margin-left-small:0px;--awb-font-size:22px;\"><h3 class=\"fusion-title-heading title-heading-center fusion-responsive-typography-calculated\" style=\"margin:0;font-size:1em;--fontSize:22;--minFontSize:22;line-height:1.3;\">Skontaktuj si\u0119 z nami natychmiast, aby uzyska\u0107 niezobowi\u0105zuj\u0105c\u0105 konsultacj\u0119!<\/h3><\/div><div style=\"text-align:center;\"><a class=\"fusion-button button-flat fusion-button-default-size button-default fusion-button-default button-2 fusion-button-default-span fusion-button-default-type\" style=\"--awb-margin-top:10px;\" target=\"_self\" href=\"https:\/\/www.administratiekantoor-hoogkamer.nl\/pl\/kontakt\/\"><span class=\"fusion-button-text awb-button__text awb-button__text--default\">Kontakt<\/span><\/a><\/div><\/div><\/div><\/div><\/div><\/p>","protected":false},"excerpt":{"rendered":"","protected":false},"author":1,"featured_media":0,"parent":0,"menu_order":0,"comment_status":"open","ping_status":"open","template":"100-width.php","meta":{"_monsterinsights_skip_tracking":false,"_monsterinsights_sitenote_active":false,"_monsterinsights_sitenote_note":"","_monsterinsights_sitenote_category":0,"footnotes":""},"class_list":["post-834","page","type-page","status-publish","hentry"],"yoast_head":"<!-- This site is optimized with the Yoast SEO plugin v27.4 - https:\/\/yoast.com\/product\/yoast-seo-wordpress\/ -->\n<title>Administratiekantoor Hoogkamer | Starterspakket<\/title>\n<meta name=\"description\" content=\"Speciaal voor u als starter hebben we een pakket samengesteld van diensten die u het eerste jaar als ondernemer veelvuldig nodig zult hebben.\" \/>\n<meta name=\"robots\" content=\"index, follow, max-snippet:-1, max-image-preview:large, max-video-preview:-1\" \/>\n<link rel=\"canonical\" href=\"https:\/\/www.administratiekantoor-hoogkamer.nl\/pl\/pakiet-startowy\/\" \/>\n<meta property=\"og:locale\" content=\"pl_PL\" \/>\n<meta property=\"og:type\" content=\"article\" \/>\n<meta property=\"og:title\" content=\"Administratiekantoor Hoogkamer | Starterspakket\" \/>\n<meta property=\"og:description\" content=\"Speciaal voor u als starter hebben we een pakket samengesteld van diensten die u het eerste jaar als ondernemer veelvuldig nodig zult hebben.\" \/>\n<meta property=\"og:url\" content=\"https:\/\/www.administratiekantoor-hoogkamer.nl\/pl\/pakiet-startowy\/\" \/>\n<meta property=\"og:site_name\" content=\"Administratiekantoor Hoogkamer | Alphen aan den Rijn\" \/>\n<meta property=\"article:modified_time\" content=\"2023-06-16T14:48:48+00:00\" \/>\n<meta property=\"og:image\" content=\"https:\/\/www.administratiekantoor-hoogkamer.nl\/wp-content\/uploads\/2014\/12\/Logo-Administratiekantoor-Hoogkamer-website-e1686923143585.png\" \/>\n\t<meta property=\"og:image:width\" content=\"200\" \/>\n\t<meta property=\"og:image:height\" content=\"57\" \/>\n\t<meta property=\"og:image:type\" content=\"image\/png\" \/>\n<script type=\"application\/ld+json\" class=\"yoast-schema-graph\">{\"@context\":\"https:\\\/\\\/schema.org\",\"@graph\":[{\"@type\":\"WebPage\",\"@id\":\"https:\\\/\\\/www.administratiekantoor-hoogkamer.nl\\\/starterspakket\\\/\",\"url\":\"https:\\\/\\\/www.administratiekantoor-hoogkamer.nl\\\/starterspakket\\\/\",\"name\":\"Administratiekantoor Hoogkamer | Starterspakket\",\"isPartOf\":{\"@id\":\"https:\\\/\\\/www.administratiekantoor-hoogkamer.nl\\\/#website\"},\"datePublished\":\"2014-11-20T13:25:49+00:00\",\"dateModified\":\"2023-06-16T14:48:48+00:00\",\"description\":\"Speciaal voor u als starter hebben we een pakket samengesteld van diensten die u het eerste jaar als ondernemer veelvuldig nodig zult hebben.\",\"breadcrumb\":{\"@id\":\"https:\\\/\\\/www.administratiekantoor-hoogkamer.nl\\\/starterspakket\\\/#breadcrumb\"},\"inLanguage\":\"pl-PL\",\"potentialAction\":[{\"@type\":\"ReadAction\",\"target\":[\"https:\\\/\\\/www.administratiekantoor-hoogkamer.nl\\\/starterspakket\\\/\"]}]},{\"@type\":\"BreadcrumbList\",\"@id\":\"https:\\\/\\\/www.administratiekantoor-hoogkamer.nl\\\/starterspakket\\\/#breadcrumb\",\"itemListElement\":[{\"@type\":\"ListItem\",\"position\":1,\"name\":\"Home\",\"item\":\"https:\\\/\\\/www.administratiekantoor-hoogkamer.nl\\\/\"},{\"@type\":\"ListItem\",\"position\":2,\"name\":\"Starterspakket\"}]},{\"@type\":\"WebSite\",\"@id\":\"https:\\\/\\\/www.administratiekantoor-hoogkamer.nl\\\/#website\",\"url\":\"https:\\\/\\\/www.administratiekantoor-hoogkamer.nl\\\/\",\"name\":\"Administratiekantoor Hoogkamer | Alphen aan den Rijn\",\"description\":\"Een heldere kijk op uw cijfers\",\"publisher\":{\"@id\":\"https:\\\/\\\/www.administratiekantoor-hoogkamer.nl\\\/#organization\"},\"potentialAction\":[{\"@type\":\"SearchAction\",\"target\":{\"@type\":\"EntryPoint\",\"urlTemplate\":\"https:\\\/\\\/www.administratiekantoor-hoogkamer.nl\\\/?s={search_term_string}\"},\"query-input\":{\"@type\":\"PropertyValueSpecification\",\"valueRequired\":true,\"valueName\":\"search_term_string\"}}],\"inLanguage\":\"pl-PL\"},{\"@type\":\"Organization\",\"@id\":\"https:\\\/\\\/www.administratiekantoor-hoogkamer.nl\\\/#organization\",\"name\":\"Administratiekantoor Hoogkamer\",\"url\":\"https:\\\/\\\/www.administratiekantoor-hoogkamer.nl\\\/\",\"logo\":{\"@type\":\"ImageObject\",\"inLanguage\":\"pl-PL\",\"@id\":\"https:\\\/\\\/www.administratiekantoor-hoogkamer.nl\\\/#\\\/schema\\\/logo\\\/image\\\/\",\"url\":\"https:\\\/\\\/www.administratiekantoor-hoogkamer.nl\\\/wp-content\\\/uploads\\\/2014\\\/12\\\/Logo-Administratiekantoor-Hoogkamer-website-e1686923143585.png\",\"contentUrl\":\"https:\\\/\\\/www.administratiekantoor-hoogkamer.nl\\\/wp-content\\\/uploads\\\/2014\\\/12\\\/Logo-Administratiekantoor-Hoogkamer-website-e1686923143585.png\",\"width\":200,\"height\":57,\"caption\":\"Administratiekantoor Hoogkamer\"},\"image\":{\"@id\":\"https:\\\/\\\/www.administratiekantoor-hoogkamer.nl\\\/#\\\/schema\\\/logo\\\/image\\\/\"}}]}<\/script>\n<!-- \/ Yoast SEO plugin. -->","yoast_head_json":{"title":"Administratiekantoor Hoogkamer | Starterspakket","description":"Specjalnie dla pocz\u0105tkuj\u0105cych przedsi\u0119biorc\u00f3w przygotowali\u015bmy pakiet us\u0142ug, kt\u00f3re b\u0119d\u0105 cz\u0119sto potrzebne w pierwszym roku dzia\u0142alno\u015bci.","robots":{"index":"index","follow":"follow","max-snippet":"max-snippet:-1","max-image-preview":"max-image-preview:large","max-video-preview":"max-video-preview:-1"},"canonical":"https:\/\/www.administratiekantoor-hoogkamer.nl\/pl\/pakiet-startowy\/","og_locale":"pl_PL","og_type":"article","og_title":"Administratiekantoor Hoogkamer | Starterspakket","og_description":"Speciaal voor u als starter hebben we een pakket samengesteld van diensten die u het eerste jaar als ondernemer veelvuldig nodig zult hebben.","og_url":"https:\/\/www.administratiekantoor-hoogkamer.nl\/pl\/pakiet-startowy\/","og_site_name":"Administratiekantoor Hoogkamer | Alphen aan den Rijn","article_modified_time":"2023-06-16T14:48:48+00:00","og_image":[{"width":200,"height":57,"url":"https:\/\/www.administratiekantoor-hoogkamer.nl\/wp-content\/uploads\/2014\/12\/Logo-Administratiekantoor-Hoogkamer-website-e1686923143585.png","type":"image\/png"}],"schema":{"@context":"https:\/\/schema.org","@graph":[{"@type":"WebPage","@id":"https:\/\/www.administratiekantoor-hoogkamer.nl\/starterspakket\/","url":"https:\/\/www.administratiekantoor-hoogkamer.nl\/starterspakket\/","name":"Administratiekantoor Hoogkamer | Starterspakket","isPartOf":{"@id":"https:\/\/www.administratiekantoor-hoogkamer.nl\/#website"},"datePublished":"2014-11-20T13:25:49+00:00","dateModified":"2023-06-16T14:48:48+00:00","description":"Specjalnie dla pocz\u0105tkuj\u0105cych przedsi\u0119biorc\u00f3w przygotowali\u015bmy pakiet us\u0142ug, kt\u00f3re b\u0119d\u0105 cz\u0119sto potrzebne w pierwszym roku dzia\u0142alno\u015bci.","breadcrumb":{"@id":"https:\/\/www.administratiekantoor-hoogkamer.nl\/starterspakket\/#breadcrumb"},"inLanguage":"pl-PL","potentialAction":[{"@type":"ReadAction","target":["https:\/\/www.administratiekantoor-hoogkamer.nl\/starterspakket\/"]}]},{"@type":"BreadcrumbList","@id":"https:\/\/www.administratiekantoor-hoogkamer.nl\/starterspakket\/#breadcrumb","itemListElement":[{"@type":"ListItem","position":1,"name":"Home","item":"https:\/\/www.administratiekantoor-hoogkamer.nl\/"},{"@type":"ListItem","position":2,"name":"Starterspakket"}]},{"@type":"WebSite","@id":"https:\/\/www.administratiekantoor-hoogkamer.nl\/#website","url":"https:\/\/www.administratiekantoor-hoogkamer.nl\/","name":"Biuro administracyjne Hoogkamer | Alphen aan den Rijn","description":"Przejrzysty wgl\u0105d w dane liczbowe","publisher":{"@id":"https:\/\/www.administratiekantoor-hoogkamer.nl\/#organization"},"potentialAction":[{"@type":"SearchAction","target":{"@type":"EntryPoint","urlTemplate":"https:\/\/www.administratiekantoor-hoogkamer.nl\/?s={search_term_string}"},"query-input":{"@type":"PropertyValueSpecification","valueRequired":true,"valueName":"search_term_string"}}],"inLanguage":"pl-PL"},{"@type":"Organization","@id":"https:\/\/www.administratiekantoor-hoogkamer.nl\/#organization","name":"Firma ksi\u0119gowa Hoogkamer","url":"https:\/\/www.administratiekantoor-hoogkamer.nl\/","logo":{"@type":"ImageObject","inLanguage":"pl-PL","@id":"https:\/\/www.administratiekantoor-hoogkamer.nl\/#\/schema\/logo\/image\/","url":"https:\/\/www.administratiekantoor-hoogkamer.nl\/wp-content\/uploads\/2014\/12\/Logo-Administratiekantoor-Hoogkamer-website-e1686923143585.png","contentUrl":"https:\/\/www.administratiekantoor-hoogkamer.nl\/wp-content\/uploads\/2014\/12\/Logo-Administratiekantoor-Hoogkamer-website-e1686923143585.png","width":200,"height":57,"caption":"Administratiekantoor Hoogkamer"},"image":{"@id":"https:\/\/www.administratiekantoor-hoogkamer.nl\/#\/schema\/logo\/image\/"}}]}},"_links":{"self":[{"href":"https:\/\/www.administratiekantoor-hoogkamer.nl\/pl\/wp-json\/wp\/v2\/pages\/834","targetHints":{"allow":["GET"]}}],"collection":[{"href":"https:\/\/www.administratiekantoor-hoogkamer.nl\/pl\/wp-json\/wp\/v2\/pages"}],"about":[{"href":"https:\/\/www.administratiekantoor-hoogkamer.nl\/pl\/wp-json\/wp\/v2\/types\/page"}],"author":[{"embeddable":true,"href":"https:\/\/www.administratiekantoor-hoogkamer.nl\/pl\/wp-json\/wp\/v2\/users\/1"}],"replies":[{"embeddable":true,"href":"https:\/\/www.administratiekantoor-hoogkamer.nl\/pl\/wp-json\/wp\/v2\/comments?post=834"}],"version-history":[{"count":21,"href":"https:\/\/www.administratiekantoor-hoogkamer.nl\/pl\/wp-json\/wp\/v2\/pages\/834\/revisions"}],"predecessor-version":[{"id":2390,"href":"https:\/\/www.administratiekantoor-hoogkamer.nl\/pl\/wp-json\/wp\/v2\/pages\/834\/revisions\/2390"}],"wp:attachment":[{"href":"https:\/\/www.administratiekantoor-hoogkamer.nl\/pl\/wp-json\/wp\/v2\/media?parent=834"}],"curies":[{"name":"wp","href":"https:\/\/api.w.org\/{rel}","templated":true}]}}